	
{"id":7657,"date":"2025-10-03T11:17:32","date_gmt":"2025-10-03T11:17:32","guid":{"rendered":"https:\/\/symphonyperfume.com\/us\/?post_type=product&#038;p=7657"},"modified":"2026-01-08T07:42:36","modified_gmt":"2026-01-08T07:42:36","slug":"chloe-by-symphony-eau-de-parfum-100ml-3-4oz-inspired-by-chloe-luxury-perfume-for-women-long-lasting-floral-rose-fruity-fresh-white-floral-scent-wide-sillage","status":"publish","type":"product","link":"https:\/\/symphonyperfume.com\/us\/chloe-by-symphony-eau-de-parfum-100ml-3-4oz-inspired-by-chloe-luxury-perfume-for-women-long-lasting-floral-rose-fruity-fresh-white-floral-scent-wide-sillage\/","title":{"rendered":"CHLO\u00c8 by Symphony \u2013 Eau De Parfum (Inspired by Chlo\u00e9 by Chlo\u00e9)"},"content":{"rendered":"<p>Discover the timeless charm of CHLO\u00c8 by Symphony, inspired by the elegance of Chlo\u00e9. Bright top notes of Peony, Litchi, and Freesia lead into a romantic heart of Rose, Magnolia, and Lily-of-the-Valley. The warm base of Amber and Virginia Cedar leaves a sensual, lingering trail. This perfume is perfect <a href=\"https:\/\/symphonyperfume.com\/us\/womens-perfumes\/\">for women<\/a> who embody effortless style, elegance, and long-lasting grace.<br \/>\nAccords: Floral, Rose, Fruity, Fresh, White Floral<br \/>\nTop <a href=\"https:\/\/en.wikipedia.org\/wiki\/Note_(perfumery)\">Notes<\/a>: Peony, Litchi, Freesia<br \/>\nMiddle Notes: Rose, Magnolia, Lily-of-the-Valley<br \/>\nBase Notes: Amber, Virginia Cedar<\/p>\n","protected":false},"excerpt":{"rendered":"<p>Discover the timeless charm of CHLO\u00c8 by Symphony, inspired by the elegance of Chlo\u00e9. Bright top notes of Peony, Litchi, and Freesia lead into a romantic heart of Rose, Magnolia, and Lily-of-the-Valley.<\/p>\n","protected":false},"featured_media":7684,"comment_status":"open","ping_status":"closed","template":"","meta":[],"product_brand":[],"product_cat":[37],"product_tag":[],"class_list":{"0":"post-7657","1":"product","2":"type-product","3":"status-publish","4":"has-post-thumbnail","6":"product_cat-womens-perfumes","8":"first","9":"instock","10":"sale","11":"taxable","12":"shipping-taxable","13":"purchasable","14":"product-type-variable","15":"add-to-wishlist-after_add_to_cart"},"_links":{"self":[{"href":"https:\/\/symphonyperfume.com\/us\/wp-json\/wp\/v2\/product\/7657","targetHints":{"allow":["GET"]}}],"collection":[{"href":"https:\/\/symphonyperfume.com\/us\/wp-json\/wp\/v2\/product"}],"about":[{"href":"https:\/\/symphonyperfume.com\/us\/wp-json\/wp\/v2\/types\/product"}],"replies":[{"embeddable":true,"href":"https:\/\/symphonyperfume.com\/us\/wp-json\/wp\/v2\/comments?post=7657"}],"wp:featuredmedia":[{"embeddable":true,"href":"https:\/\/symphonyperfume.com\/us\/wp-json\/wp\/v2\/media\/7684"}],"wp:attachment":[{"href":"https:\/\/symphonyperfume.com\/us\/wp-json\/wp\/v2\/media?parent=7657"}],"wp:term":[{"taxonomy":"product_brand","embeddable":true,"href":"https:\/\/symphonyperfume.com\/us\/wp-json\/wp\/v2\/product_brand?post=7657"},{"taxonomy":"product_cat","embeddable":true,"href":"https:\/\/symphonyperfume.com\/us\/wp-json\/wp\/v2\/product_cat?post=7657"},{"taxonomy":"product_tag","embeddable":true,"href":"https:\/\/symphonyperfume.com\/us\/wp-json\/wp\/v2\/product_tag?post=7657"}],"curies":[{"name":"wp","href":"https:\/\/api.w.org\/{rel}","templated":true}]}}