	
{"id":9989,"date":"2025-10-15T11:45:03","date_gmt":"2025-10-15T11:45:03","guid":{"rendered":"https:\/\/symphonyperfume.com\/az\/?post_type=product&#038;p=9989"},"modified":"2025-12-21T15:25:29","modified_gmt":"2025-12-21T15:25:29","slug":"0110mandarin","status":"publish","type":"product","link":"https:\/\/symphonyperfume.com\/az\/0110mandarin\/","title":{"rendered":"01+MANDARIN by Symphony, Eau De Parfum, 100ml 3.4oz"},"content":{"rendered":"<p>01+MANDARIN by Symphony il\u0259 m\u00fcasir z\u0259rifliyi k\u0259\u015ff et. Molecule 01 + Mandarin \u0259tirind\u0259n ilhamlanm\u0131\u015f bu uniseks kompozisiya, Parlaq Mandarin Porta\u011fal\u0131n\u0131n enerjisini, Iso E Super-in d\u0259rin, m\u0259xm\u0259ri a\u011fac notlar\u0131 il\u0259 birl\u0259\u015fdirir. H\u0259r bir istifad\u0259\u00e7id\u0259 f\u0259rqli \u015f\u0259kild\u0259 inki\u015faf ed\u0259n bu minimalistik v\u0259 uzun\u00f6m\u00fcrl\u00fc \u0259tir, f\u0259rdiliyi v\u0259 m\u00fcasir \u00fcslubu sev\u0259nl\u0259r \u00fc\u00e7\u00fcn m\u00fck\u0259mm\u0259l se\u00e7imdir.<\/p>\n<p>\u018fsas Akkordlar: Sitrus, A\u011fac, M\u00fc\u015fk, \u018fnb\u0259r, Meyv\u0259li<br \/>\nYuxar\u0131 notlar: Mandarin Porta\u011fal\u0131<br \/>\nOrta notlar: Iso E Super<br \/>\n\u018fsas notlar: A\u011fac, M\u00fc\u015fk<\/p>\n","protected":false},"excerpt":{"rendered":"<p>Escentric Molecules Molecule 01 + Mandarin \u0259tirind\u0259n ilhamlanm\u0131\u015f uniseks luks parf\u00fcm\u00fc \u2014 uzun\u00f6m\u00fcrl\u00fc, sitrus, a\u011fac, m\u00fc\u015fk, \u0259nb\u0259r v\u0259 meyv\u0259 notlar\u0131 il\u0259.<\/p>\n","protected":false},"featured_media":10031,"comment_status":"open","ping_status":"closed","template":"","meta":[],"product_brand":[],"product_cat":[24],"product_tag":[],"class_list":{"0":"post-9989","1":"product","2":"type-product","3":"status-publish","4":"has-post-thumbnail","6":"product_cat-unisex-fragrances","8":"first","9":"instock","10":"shipping-taxable","11":"purchasable","12":"product-type-simple","13":"add-to-wishlist-after_add_to_cart"},"_links":{"self":[{"href":"https:\/\/symphonyperfume.com\/az\/wp-json\/wp\/v2\/product\/9989","targetHints":{"allow":["GET"]}}],"collection":[{"href":"https:\/\/symphonyperfume.com\/az\/wp-json\/wp\/v2\/product"}],"about":[{"href":"https:\/\/symphonyperfume.com\/az\/wp-json\/wp\/v2\/types\/product"}],"replies":[{"embeddable":true,"href":"https:\/\/symphonyperfume.com\/az\/wp-json\/wp\/v2\/comments?post=9989"}],"wp:featuredmedia":[{"embeddable":true,"href":"https:\/\/symphonyperfume.com\/az\/wp-json\/wp\/v2\/media\/10031"}],"wp:attachment":[{"href":"https:\/\/symphonyperfume.com\/az\/wp-json\/wp\/v2\/media?parent=9989"}],"wp:term":[{"taxonomy":"product_brand","embeddable":true,"href":"https:\/\/symphonyperfume.com\/az\/wp-json\/wp\/v2\/product_brand?post=9989"},{"taxonomy":"product_cat","embeddable":true,"href":"https:\/\/symphonyperfume.com\/az\/wp-json\/wp\/v2\/product_cat?post=9989"},{"taxonomy":"product_tag","embeddable":true,"href":"https:\/\/symphonyperfume.com\/az\/wp-json\/wp\/v2\/product_tag?post=9989"}],"curies":[{"name":"wp","href":"https:\/\/api.w.org\/{rel}","templated":true}]}}