	
{"id":9396,"date":"2025-04-12T06:10:17","date_gmt":"2025-04-12T06:10:17","guid":{"rendered":"https:\/\/symphonyperfume.com\/az\/?post_type=product&#038;p=9396"},"modified":"2025-12-25T15:57:24","modified_gmt":"2025-12-25T15:57:24","slug":"ombre-suede","status":"publish","type":"product","link":"https:\/\/symphonyperfume.com\/az\/ombre-suede\/","title":{"rendered":"OMBR\u00c9 SUEDE by Symphony Eau De Parfum, 100ml 3.4oz, Inspired by Ombr\u00e9 Leather by TF, Luxury Perfume Unisex Men Women, Long Lasting and Wide Sillage"},"content":{"rendered":"<p>Ombr\u00e9 Suede by Symphony is available in a 3.4 oz \/ 100 ml spray bottle, A unisex luxury Eau de Parfum featuring velvety suede, warm woods, and sensual musk for a long-lasting, elegant fragrance.<\/p>\n<p>Accords -leather, animalic, white floral, warm spicy, amber, smoky, earthy,mossy,patchouli<\/p>\n<p>Top Notes- Cardamom<br \/>\nMiddle Notes -Leather, Jasmine Sambac<br \/>\nBase Notes &#8211; Amber, Moss,Patchouli<\/p>\n","protected":false},"excerpt":{"rendered":"<p>Ombr\u00e9 Suede by Symphony is available in a 3.4 oz \/ 100 ml spray bottle, A unisex luxury Eau de Parfum featuring velvety suede, warm woods, and sensual musk for a long-lasting, elegant fragrance.<\/p>\n","protected":false},"featured_media":9408,"comment_status":"open","ping_status":"closed","template":"","meta":[],"product_brand":[],"product_cat":[24],"product_tag":[],"class_list":{"0":"post-9396","1":"product","2":"type-product","3":"status-publish","4":"has-post-thumbnail","6":"product_cat-unisex-fragrances","8":"first","9":"instock","10":"shipping-taxable","11":"purchasable","12":"product-type-simple","13":"add-to-wishlist-after_add_to_cart"},"_links":{"self":[{"href":"https:\/\/symphonyperfume.com\/az\/wp-json\/wp\/v2\/product\/9396","targetHints":{"allow":["GET"]}}],"collection":[{"href":"https:\/\/symphonyperfume.com\/az\/wp-json\/wp\/v2\/product"}],"about":[{"href":"https:\/\/symphonyperfume.com\/az\/wp-json\/wp\/v2\/types\/product"}],"replies":[{"embeddable":true,"href":"https:\/\/symphonyperfume.com\/az\/wp-json\/wp\/v2\/comments?post=9396"}],"wp:featuredmedia":[{"embeddable":true,"href":"https:\/\/symphonyperfume.com\/az\/wp-json\/wp\/v2\/media\/9408"}],"wp:attachment":[{"href":"https:\/\/symphonyperfume.com\/az\/wp-json\/wp\/v2\/media?parent=9396"}],"wp:term":[{"taxonomy":"product_brand","embeddable":true,"href":"https:\/\/symphonyperfume.com\/az\/wp-json\/wp\/v2\/product_brand?post=9396"},{"taxonomy":"product_cat","embeddable":true,"href":"https:\/\/symphonyperfume.com\/az\/wp-json\/wp\/v2\/product_cat?post=9396"},{"taxonomy":"product_tag","embeddable":true,"href":"https:\/\/symphonyperfume.com\/az\/wp-json\/wp\/v2\/product_tag?post=9396"}],"curies":[{"name":"wp","href":"https:\/\/api.w.org\/{rel}","templated":true}]}}