	
{"id":10038,"date":"2025-12-23T10:56:09","date_gmt":"2025-12-23T10:56:09","guid":{"rendered":"https:\/\/symphonyperfume.com\/az\/?post_type=product&#038;p=10038"},"modified":"2025-12-23T12:08:30","modified_gmt":"2025-12-23T12:08:30","slug":"feral-rouge-orion-by-symphony-eau-de-parfum-100ml-3-4oz-inspired-by-9-pm-rebel-afnan-luxury-unisex-perfume-for-men-women-long-lasting-oriental-fougere-fruity-sweet-woody-scent-wide-sill","status":"publish","type":"product","link":"https:\/\/symphonyperfume.com\/az\/feral-rouge-orion-by-symphony-eau-de-parfum-100ml-3-4oz-inspired-by-9-pm-rebel-afnan-luxury-unisex-perfume-for-men-women-long-lasting-oriental-fougere-fruity-sweet-woody-scent-wide-sill\/","title":{"rendered":"FERAL ROUGE ORION by Symphony, Eau De Parfum, 100ml 3.4oz, Inspired by 9 PM Rebel (Afnan), Luxury Unisex Perfume for Men &#038; Women, Long Lasting, Oriental, Foug\u00e8re, Fruity, Sweet, Woody Scent, Wide Sillage"},"content":{"rendered":"<p>FERAL ROUGE ORION by Symphony \u2014 9 PM Rebel (Afnan) ilhaml\u0131, c\u0259sar\u0259tli v\u0259 diqq\u0259t \u00e7\u0259k\u0259n uniseks \u0259tirdir. \u00d6z f\u0259rdiliyini v\u0259 g\u00fccl\u00fc xarakterini \u00f6n plana \u00e7\u0131xaran qad\u0131nlar v\u0259 ki\u015fil\u0259r \u00fc\u00e7\u00fcn haz\u0131rlanm\u0131\u015f bu l\u00fcks Eau De Parfum ananas, Granny Smith almas\u0131 v\u0259 mandarin notlar\u0131n\u0131n t\u0259rav\u0259tli v\u0259 cazib\u0259dar a\u00e7\u0131l\u0131\u015f\u0131 il\u0259 ba\u015flay\u0131r.<\/p>\n<p>Orta notlarda pal\u0131d yosunu, vanil v\u0259 sidr a\u011fac\u0131 \u0259tir\u0259 isti d\u0259rinlik v\u0259 z\u0259rif balans qat\u0131r. Son olaraq quru a\u011fac notlar\u0131, ambra, karamel v\u0259 misk yum\u015faq, sensual v\u0259 uzun\u00f6m\u00fcrl\u00fc bir iz yarad\u0131r. Oriental v\u0259 foug\u00e8re \u00fcslubunun m\u00fck\u0259mm\u0259l v\u0259hd\u0259ti olan Feral Rouge Orion g\u00fccl\u00fc yay\u0131l\u0131m\u0131 v\u0259 y\u00fcks\u0259k qal\u0131c\u0131l\u0131\u011f\u0131 il\u0259 gec\u0259 istifad\u0259si v\u0259 imza \u0259tir axtaranlar \u00fc\u00e7\u00fcn ideal se\u00e7imdir.<\/p>\n<p>Accords: Fruity, Sweet, Woody, Tropical, Fresh, Amber, Mossy, Caramel, Vanilla, Powdery<\/p>\n<p>Top Notes: Pineapple, Granny Smith Apple, Mandarin<\/p>\n<p>Middle Notes: Oakmoss, Vanilla, Cedarwood<\/p>\n<p>Base Notes: Dry Woods, Ambergris, Caramel, Musk<\/p>\n<p>&nbsp;<\/p>\n","protected":false},"excerpt":{"rendered":"<p>FERAL ROUGE ORION by Symphony \u2014 9 PM Rebel (Afnan) ilhaml\u0131, c\u0259sar\u0259tli v\u0259 diqq\u0259t \u00e7\u0259k\u0259n uniseks \u0259tirdir. \u00d6z f\u0259rdiliyini v\u0259 g\u00fccl\u00fc xarakterini \u00f6n plana \u00e7\u0131xaran qad\u0131nlar v\u0259 ki\u015fil\u0259r \u00fc\u00e7\u00fcn haz\u0131rlanm\u0131\u015f bu l\u00fcks Eau De Parfum ananas, Granny Smith almas\u0131 v\u0259 mandarin notlar\u0131n\u0131n t\u0259rav\u0259tli v\u0259 cazib\u0259dar a\u00e7\u0131l\u0131\u015f\u0131 il\u0259 ba\u015flay\u0131r.<\/p>\n","protected":false},"featured_media":10044,"comment_status":"open","ping_status":"closed","template":"","meta":[],"product_brand":[],"product_cat":[24],"product_tag":[],"class_list":{"0":"post-10038","1":"product","2":"type-product","3":"status-publish","4":"has-post-thumbnail","6":"product_cat-unisex-fragrances","8":"first","9":"outofstock","10":"taxable","11":"shipping-taxable","12":"purchasable","13":"product-type-variable","14":"has-default-attributes","15":"add-to-wishlist-after_add_to_cart"},"_links":{"self":[{"href":"https:\/\/symphonyperfume.com\/az\/wp-json\/wp\/v2\/product\/10038","targetHints":{"allow":["GET"]}}],"collection":[{"href":"https:\/\/symphonyperfume.com\/az\/wp-json\/wp\/v2\/product"}],"about":[{"href":"https:\/\/symphonyperfume.com\/az\/wp-json\/wp\/v2\/types\/product"}],"replies":[{"embeddable":true,"href":"https:\/\/symphonyperfume.com\/az\/wp-json\/wp\/v2\/comments?post=10038"}],"wp:featuredmedia":[{"embeddable":true,"href":"https:\/\/symphonyperfume.com\/az\/wp-json\/wp\/v2\/media\/10044"}],"wp:attachment":[{"href":"https:\/\/symphonyperfume.com\/az\/wp-json\/wp\/v2\/media?parent=10038"}],"wp:term":[{"taxonomy":"product_brand","embeddable":true,"href":"https:\/\/symphonyperfume.com\/az\/wp-json\/wp\/v2\/product_brand?post=10038"},{"taxonomy":"product_cat","embeddable":true,"href":"https:\/\/symphonyperfume.com\/az\/wp-json\/wp\/v2\/product_cat?post=10038"},{"taxonomy":"product_tag","embeddable":true,"href":"https:\/\/symphonyperfume.com\/az\/wp-json\/wp\/v2\/product_tag?post=10038"}],"curies":[{"name":"wp","href":"https:\/\/api.w.org\/{rel}","templated":true}]}}